{"id":78,"date":"2020-07-30T12:20:01","date_gmt":"2020-07-30T10:20:01","guid":{"rendered":"http:\/\/bohemiagoldlove.cz\/?page_id=78"},"modified":"2024-07-07T19:21:47","modified_gmt":"2024-07-07T17:21:47","slug":"decka-2020","status":"publish","type":"page","link":"https:\/\/bohemiagoldlove.cz\/index.php\/decka-2020\/","title":{"rendered":"D\u00e9\u010dka 2020"},"content":{"rendered":"\n<p>Narozena 18.6.2020 ve spojen\u00ed Astraia Bohemia Gold Love a Genzo od Mal\u00e9ho Kos\u00ed\u0159e<\/p>\n\n\n\n<p>Don<\/p>\n\n\n\n<p>Dex<\/p>\n\n\n\n<p>Dragon<\/p>\n\n\n\n<p>Dorrie<\/p>\n\n\n\n<p>Destiny<\/p>\n\n\n\n<p>Diva<\/p>\n\n\n\n<p>Desired<\/p>\n","protected":false},"excerpt":{"rendered":"<p>Narozena 18.6.2020 ve spojen\u00ed Astraia Bohemia Gold Love a Genzo od Mal\u00e9ho Kos\u00ed\u0159e Don Dex Dragon Dorrie Destiny Diva Desired<\/p>\n","protected":false},"author":1,"featured_media":0,"parent":0,"menu_order":0,"comment_status":"closed","ping_status":"closed","template":"","meta":[],"_links":{"self":[{"href":"https:\/\/bohemiagoldlove.cz\/index.php\/wp-json\/wp\/v2\/pages\/78"}],"collection":[{"href":"https:\/\/bohemiagoldlove.cz\/index.php\/wp-json\/wp\/v2\/pages"}],"about":[{"href":"https:\/\/bohemiagoldlove.cz\/index.php\/wp-json\/wp\/v2\/types\/page"}],"author":[{"embeddable":true,"href":"https:\/\/bohemiagoldlove.cz\/index.php\/wp-json\/wp\/v2\/users\/1"}],"replies":[{"embeddable":true,"href":"https:\/\/bohemiagoldlove.cz\/index.php\/wp-json\/wp\/v2\/comments?post=78"}],"version-history":[{"count":3,"href":"https:\/\/bohemiagoldlove.cz\/index.php\/wp-json\/wp\/v2\/pages\/78\/revisions"}],"predecessor-version":[{"id":146,"href":"https:\/\/bohemiagoldlove.cz\/index.php\/wp-json\/wp\/v2\/pages\/78\/revisions\/146"}],"wp:attachment":[{"href":"https:\/\/bohemiagoldlove.cz\/index.php\/wp-json\/wp\/v2\/media?parent=78"}],"curies":[{"name":"wp","href":"https:\/\/api.w.org\/{rel}","templated":true}]}}