{"id":71,"date":"2020-07-30T12:19:46","date_gmt":"2020-07-30T10:19:46","guid":{"rendered":"http:\/\/bohemiagoldlove.cz\/?page_id=71"},"modified":"2024-07-07T19:21:47","modified_gmt":"2024-07-07T17:21:47","slug":"astraia-bohemia-gold-love","status":"publish","type":"page","link":"https:\/\/bohemiagoldlove.cz\/index.php\/astraia-bohemia-gold-love\/","title":{"rendered":"Astraia Bohemia Gold Love"},"content":{"rendered":"\n<figure class=\"wp-block-image size-large\"><img decoding=\"async\" loading=\"lazy\" width=\"700\" height=\"659\" src=\"http:\/\/bohemiagoldlove.cz\/wp-content\/uploads\/2021\/05\/Astraia-Bohemia-Gold-Love-mensi-1-700x659.jpg\" alt=\"\" class=\"wp-image-348\" srcset=\"https:\/\/bohemiagoldlove.cz\/wp-content\/uploads\/2021\/05\/Astraia-Bohemia-Gold-Love-mensi-1-700x659.jpg 700w, https:\/\/bohemiagoldlove.cz\/wp-content\/uploads\/2021\/05\/Astraia-Bohemia-Gold-Love-mensi-1-300x282.jpg 300w, https:\/\/bohemiagoldlove.cz\/wp-content\/uploads\/2021\/05\/Astraia-Bohemia-Gold-Love-mensi-1-768x723.jpg 768w, https:\/\/bohemiagoldlove.cz\/wp-content\/uploads\/2021\/05\/Astraia-Bohemia-Gold-Love-mensi-1.jpg 800w\" sizes=\"(max-width: 700px) 100vw, 700px\" \/><\/figure>\n\n\n\n<figure class=\"wp-block-table\"><table><tbody><tr><td><strong>Narozen\u00ed:<\/strong><\/td><td>23.03.2018<\/td><\/tr><tr><td><strong>\u010c.&nbsp;z\u00e1pisu:<\/strong><\/td><td>&nbsp;6437\/18<\/td><\/tr><tr><td><strong>DKK:<\/strong><\/td><td>&nbsp;1\/1<\/td><\/tr><tr><td><strong>&nbsp;Ostatn\u00ed&nbsp;vy\u0161et\u0159en\u00ed:&nbsp;<\/strong><\/td><td>DM: G\/A,&nbsp;Lokus D: D\/D,<\/td><\/tr><tr><td><strong>&nbsp;Svod:<\/strong><\/td><td><a href=\"https:\/\/www.kpchp.org\/bkod.php?bkod=A3,H1,I1,K3,W2&amp;datum=2019-04-14\" target=\"_blank\" rel=\"noreferrer noopener\">A3,H1,I1,K3,W2<\/a><\/td><\/tr><tr><td><strong>&nbsp;Bonita\u010dn\u00ed&nbsp;k\u00f3d:&nbsp;<\/strong><\/td><td><strong>chovn\u00e1<\/strong>,&nbsp;<a href=\"https:\/\/www.kpchp.org\/bkod.php?bkod=A3,H1,K4,N4,P3,R1,W2&amp;datum=2019-09-29\" target=\"_blank\" rel=\"noreferrer noopener\">A3,H1,K4,N4,P3,R1,W2<\/a><\/td><\/tr><tr><td><strong>&nbsp;Kl.\/sp. v\u00fdstava:<\/strong><\/td><td>V,<\/td><\/tr><tr><td><strong>&nbsp;V\u00fdstava:<\/strong><\/td><td>V,<\/td><\/tr><\/tbody><\/table><\/figure>\n\n\n\n<h2 class=\"has-text-align-center\">\u0160t\u011b\u0148\u00e1tka<\/h2>\n\n\n\n<p>D\u00e9\u010dka 2020: Don, Dex, Dragon, Dorrie, Destiny, Diva, Desired, otec Genzo od Mal\u00e9ho Kos\u00ed\u0159e<\/p>\n\n\n\n<p>EFka 2021: Fantasia, Faune, Floky, Flora, Forest, Forky, Fortuna, Freia, otec Athos Krosandra<\/p>\n\n\n\n<p>Ch\u00e1\u010dka 2023: Chester, Cheiron, Cheeky, Charyz, Charon, Charlie, Chairos, Chelly. Otec Dyk Rosa White.<\/p>\n\n\n\n<h2 class=\"has-text-align-center\">Kryt\u00ed 2024 &#8211; koncem ledna. <\/h2>\n","protected":false},"excerpt":{"rendered":"<p>Narozen\u00ed: 23.03.2018 \u010c.&nbsp;z\u00e1pisu: &nbsp;6437\/18 DKK: &nbsp;1\/1 &nbsp;Ostatn\u00ed&nbsp;vy\u0161et\u0159en\u00ed:&nbsp; DM: G\/A,&nbsp;Lokus D: D\/D, &nbsp;Svod: A3,H1,I1,K3,W2 &nbsp;Bonita\u010dn\u00ed&nbsp;k\u00f3d:&nbsp; chovn\u00e1,&nbsp;A3,H1,K4,N4,P3,R1,W2 &nbsp;Kl.\/sp. v\u00fdstava: V, &nbsp;V\u00fdstava: V, \u0160t\u011b\u0148\u00e1tka D\u00e9\u010dka 2020: Don, Dex, Dragon, Dorrie, Destiny, Diva, Desired, otec Genzo od Mal\u00e9ho Kos\u00ed\u0159e EFka 2021: Fantasia, Faune, Floky, Flora, Forest, Forky, Fortuna, Freia, otec Athos Krosandra Ch\u00e1\u010dka 2023: Chester, Cheiron, Cheeky, Charyz, Charon,&#8230;<\/p>\n","protected":false},"author":1,"featured_media":0,"parent":0,"menu_order":0,"comment_status":"closed","ping_status":"closed","template":"","meta":[],"_links":{"self":[{"href":"https:\/\/bohemiagoldlove.cz\/index.php\/wp-json\/wp\/v2\/pages\/71"}],"collection":[{"href":"https:\/\/bohemiagoldlove.cz\/index.php\/wp-json\/wp\/v2\/pages"}],"about":[{"href":"https:\/\/bohemiagoldlove.cz\/index.php\/wp-json\/wp\/v2\/types\/page"}],"author":[{"embeddable":true,"href":"https:\/\/bohemiagoldlove.cz\/index.php\/wp-json\/wp\/v2\/users\/1"}],"replies":[{"embeddable":true,"href":"https:\/\/bohemiagoldlove.cz\/index.php\/wp-json\/wp\/v2\/comments?post=71"}],"version-history":[{"count":6,"href":"https:\/\/bohemiagoldlove.cz\/index.php\/wp-json\/wp\/v2\/pages\/71\/revisions"}],"predecessor-version":[{"id":474,"href":"https:\/\/bohemiagoldlove.cz\/index.php\/wp-json\/wp\/v2\/pages\/71\/revisions\/474"}],"wp:attachment":[{"href":"https:\/\/bohemiagoldlove.cz\/index.php\/wp-json\/wp\/v2\/media?parent=71"}],"curies":[{"name":"wp","href":"https:\/\/api.w.org\/{rel}","templated":true}]}}