{"id":67,"date":"2020-07-30T12:19:23","date_gmt":"2020-07-30T10:19:23","guid":{"rendered":"http:\/\/bohemiagoldlove.cz\/?page_id=67"},"modified":"2024-07-07T19:21:47","modified_gmt":"2024-07-07T17:21:47","slug":"cecka-2020","status":"publish","type":"page","link":"https:\/\/bohemiagoldlove.cz\/index.php\/cecka-2020\/","title":{"rendered":"C\u00e9\u010dka 2020"},"content":{"rendered":"\n<p>Narozena 17.3.2020 ve spojen\u00ed Candia Ro-Ga pair a Genzo od Mal\u00e9ho Kos\u00ed\u0159e<\/p>\n\n\n\n<h2 class=\"has-text-align-center\"><strong>Cydney<\/strong><\/h2>\n\n\n\n<figure class=\"wp-block-image size-large\"><img decoding=\"async\" loading=\"lazy\" width=\"700\" height=\"933\" src=\"http:\/\/bohemiagoldlove.cz\/wp-content\/uploads\/2020\/12\/128621805_944155036111455_8270813492439951211_n-700x933.jpg\" alt=\"\" class=\"wp-image-228\" srcset=\"https:\/\/bohemiagoldlove.cz\/wp-content\/uploads\/2020\/12\/128621805_944155036111455_8270813492439951211_n-700x933.jpg 700w, https:\/\/bohemiagoldlove.cz\/wp-content\/uploads\/2020\/12\/128621805_944155036111455_8270813492439951211_n-225x300.jpg 225w, https:\/\/bohemiagoldlove.cz\/wp-content\/uploads\/2020\/12\/128621805_944155036111455_8270813492439951211_n-768x1024.jpg 768w, https:\/\/bohemiagoldlove.cz\/wp-content\/uploads\/2020\/12\/128621805_944155036111455_8270813492439951211_n-1152x1536.jpg 1152w, https:\/\/bohemiagoldlove.cz\/wp-content\/uploads\/2020\/12\/128621805_944155036111455_8270813492439951211_n-800x1067.jpg 800w, https:\/\/bohemiagoldlove.cz\/wp-content\/uploads\/2020\/12\/128621805_944155036111455_8270813492439951211_n.jpg 1170w\" sizes=\"(max-width: 700px) 100vw, 700px\" \/><\/figure>\n\n\n\n<p>Cydnyho <a href=\"http:\/\/bohemiagoldlove.cz\/index.php\/cydney-fotky\/\">dal\u0161\u00ed fotky<\/a>.<\/p>\n\n\n\n<p>&#8222;Cydney je nekonfliktn\u00ed se psy i lidmi. Poslouch\u00e1 na v\u0161echny nau\u010den\u00e9 povely. Ob\u010das \u0161t\u011bkne na psa, kdy\u017e je na vod\u00edtku, ale jinak se se v\u0161emi chce kamar\u00e1dit. Na\u0161i ko\u010dku m\u00e1 r\u00e1d <img decoding=\"async\" loading=\"lazy\" height=\"16\" width=\"16\" alt=\"?\" src=\"https:\/\/static.xx.fbcdn.net\/images\/emoji.php\/v9\/t7f\/1\/16\/1f60a.png\"> a ostatn\u00ed zv\u00ed\u0159ata, jako kon\u011b nebo ovce, mu ned\u011blaj\u00ed probl\u00e9m. Je moc hodn\u00fd a v\u0161echno hned ch\u00e1pe. &#8220; <img decoding=\"async\" loading=\"lazy\" height=\"16\" width=\"16\" alt=\"?\" src=\"https:\/\/static.xx.fbcdn.net\/images\/emoji.php\/v9\/tce\/1\/16\/1f600.png\"> <em>Ani\u010dka Jahodov\u00e1, majitelka<\/em><\/p>\n\n\n\n<h2 class=\"has-text-align-center\"><strong>Caesar<\/strong><\/h2>\n\n\n\n<figure class=\"wp-block-image size-large\"><img decoding=\"async\" loading=\"lazy\" width=\"700\" height=\"933\" src=\"http:\/\/bohemiagoldlove.cz\/wp-content\/uploads\/2020\/12\/128422960_383018296260933_8377498000597114099_n-700x933.jpg\" alt=\"\" class=\"wp-image-273\" srcset=\"https:\/\/bohemiagoldlove.cz\/wp-content\/uploads\/2020\/12\/128422960_383018296260933_8377498000597114099_n-700x933.jpg 700w, https:\/\/bohemiagoldlove.cz\/wp-content\/uploads\/2020\/12\/128422960_383018296260933_8377498000597114099_n-225x300.jpg 225w, https:\/\/bohemiagoldlove.cz\/wp-content\/uploads\/2020\/12\/128422960_383018296260933_8377498000597114099_n-768x1024.jpg 768w, https:\/\/bohemiagoldlove.cz\/wp-content\/uploads\/2020\/12\/128422960_383018296260933_8377498000597114099_n-800x1067.jpg 800w, https:\/\/bohemiagoldlove.cz\/wp-content\/uploads\/2020\/12\/128422960_383018296260933_8377498000597114099_n.jpg 900w\" sizes=\"(max-width: 700px) 100vw, 700px\" \/><\/figure>\n\n\n\n<p><a href=\"http:\/\/bohemiagoldlove.cz\/index.php\/caesar-mufla-fotky\/\">Dal\u0161\u00ed fotky <\/a>Caesara\/Mufla.<\/p>\n\n\n\n<p>Mufla * Caesar*<\/p>\n\n\n\n<p>&#8222;Mufla je mil\u00e1\u010dek cel\u00e9 rodiny \ud83d\ude42 . Sv\u00e9 m\u00edsto m\u00e1 venku v&nbsp;pel\u00ed\u0161ku \u2013 je hl\u00edda\u010d. P\u0159\u00edle\u017eitostn\u011b si ho bereme dom\u016f.&nbsp; Chod\u00edme s&nbsp;n\u00edm na v\u00fdcvik poslu\u0161nosti do Dobru\u0161ky, kde skl\u00edz\u00ed samou chv\u00e1lu \u2013 je u\u010denliv\u00fd. Mezi ostatn\u00edmi psy se socializuje velmi dob\u0159e. Vyhled\u00e1v\u00e1 spole\u010dnost. Jakmile je del\u0161\u00ed dobu s\u00e1m, st\u00e1v\u00e1 se z&nbsp;n\u011bho mal\u00fd ni\u010ditel (kou\u0161e boty, roho\u017eky). Ka\u017ed\u00fd den chod\u00edme na proch\u00e1zky, o v\u00edkendu to jsou del\u0161\u00ed proch\u00e1zky. Na t\u00e9m\u011b\u0159 9-ti m\u011bs\u00edc\u00edch v\u00e1\u017e\u00ed 23 kg a v&nbsp;kohoutku m\u011b\u0159\u00ed 52 cm. St\u00e1le uva\u017eujeme, jestli absolvovat n\u011bjakou v\u00fdstavu. Je to v\u00e1\u0161niv\u00fd lovec my\u0161\u00ed. Akor\u00e1t m\u00e1me strach, \u017ee bude n\u011bjak\u00e1 otr\u00e1ven\u00e1.&#8220;&nbsp; <em>Renata Lep\u0161ov\u00e1, majitelka<\/em><\/p>\n\n\n\n<p><\/p>\n\n\n\n<p><\/p>\n\n\n\n<h2 class=\"has-text-align-center\"><strong>Coudy<\/strong><\/h2>\n\n\n\n<figure class=\"wp-block-image is-resized\"><img decoding=\"async\" loading=\"lazy\" src=\"https:\/\/scontent.fprg1-1.fna.fbcdn.net\/v\/t1.15752-9\/278846902_697227008189529_6088322471456576183_n.jpg?_nc_cat=103&amp;ccb=1-5&amp;_nc_sid=ae9488&amp;_nc_ohc=dBeskKxt5H4AX-T_yqd&amp;_nc_ht=scontent.fprg1-1.fna&amp;oh=03_AVLtoHNM-utJrwKjGivFxgcQVcuaRmpWBujliADkBs7hrg&amp;oe=6288DBAE\" alt=\"Popis nen\u00ed dostupn\u00fd.\" width=\"728\" height=\"990\"\/><\/figure>\n\n\n\n<p>Coudyho <a href=\"http:\/\/bohemiagoldlove.cz\/index.php\/coudy-fotky\/\">dal\u0161\u00ed fotky<\/a>.<\/p>\n\n\n\n<p>&#8222;Je to mil\u00e1\u010dek cel\u00e9 rodiny, lep\u0161\u00edho par\u0165\u00e1ka jsme z\u00edskat nemohli. Vnuci ho zbo\u017e\u0148uj\u00ed, Couddy je st\u00e1le s n\u00e1mi, i kdy\u017e svoje soukrom\u00ed m\u00e1 na dvorku. Pro\u0161el v\u00fdcvikem, je velice poslu\u0161n\u00fd, ale hlavn\u011b hrav\u00fd. Jsme moc r\u00e1di, \u017ee ho mame<img decoding=\"async\" loading=\"lazy\" height=\"16\" width=\"16\" alt=\"\ud83e\udd70\" src=\"https:\/\/static.xx.fbcdn.net\/images\/emoji.php\/v9\/tea\/1\/16\/1f970.png\">.&#8220; <em>Libor Sobotka,  majitel<\/em><\/p>\n\n\n\n<p>Cail<\/p>\n\n\n\n<p>Cira<\/p>\n\n\n\n<p>Cirila<\/p>\n\n\n\n<h2 class=\"has-text-align-center\"><strong>Casey<\/strong><\/h2>\n\n\n\n<figure class=\"wp-block-image size-large\"><img decoding=\"async\" loading=\"lazy\" width=\"700\" height=\"374\" src=\"http:\/\/bohemiagoldlove.cz\/wp-content\/uploads\/2020\/12\/128796638_3852274534796628_379605625393233095_n-700x374.jpg\" alt=\"\" class=\"wp-image-246\" srcset=\"https:\/\/bohemiagoldlove.cz\/wp-content\/uploads\/2020\/12\/128796638_3852274534796628_379605625393233095_n-700x374.jpg 700w, https:\/\/bohemiagoldlove.cz\/wp-content\/uploads\/2020\/12\/128796638_3852274534796628_379605625393233095_n-300x160.jpg 300w, https:\/\/bohemiagoldlove.cz\/wp-content\/uploads\/2020\/12\/128796638_3852274534796628_379605625393233095_n.jpg 750w\" sizes=\"(max-width: 700px) 100vw, 700px\" \/><\/figure>\n\n\n\n<p>Kes\u00ed <a href=\"http:\/\/bohemiagoldlove.cz\/index.php\/casey-fotky\/\">dal\u0161\u00ed fotky<\/a>.<\/p>\n\n\n\n<p>&#8222;Velice p\u0159\u00e1telsk\u00e1, jak k ciz\u00edm lidem tak ke ps\u016fm. Sportovn\u011b aktivn\u00ed, vytrval\u00e1. A naprosto klidn\u00e1, vyrovnan\u00e1 povaha.&#8220;<em> Iva Audy, majitelka <\/em><\/p>\n","protected":false},"excerpt":{"rendered":"<p>Narozena 17.3.2020 ve spojen\u00ed Candia Ro-Ga pair a Genzo od Mal\u00e9ho Kos\u00ed\u0159e Cydney Cydnyho dal\u0161\u00ed fotky. &#8222;Cydney je nekonfliktn\u00ed se psy i lidmi. Poslouch\u00e1 na v\u0161echny nau\u010den\u00e9 povely. Ob\u010das \u0161t\u011bkne na psa, kdy\u017e je na vod\u00edtku, ale jinak se se v\u0161emi chce kamar\u00e1dit. Na\u0161i ko\u010dku m\u00e1 r\u00e1d a ostatn\u00ed zv\u00ed\u0159ata, jako kon\u011b nebo ovce, mu&#8230;<\/p>\n","protected":false},"author":1,"featured_media":0,"parent":0,"menu_order":0,"comment_status":"closed","ping_status":"closed","template":"","meta":[],"_links":{"self":[{"href":"https:\/\/bohemiagoldlove.cz\/index.php\/wp-json\/wp\/v2\/pages\/67"}],"collection":[{"href":"https:\/\/bohemiagoldlove.cz\/index.php\/wp-json\/wp\/v2\/pages"}],"about":[{"href":"https:\/\/bohemiagoldlove.cz\/index.php\/wp-json\/wp\/v2\/types\/page"}],"author":[{"embeddable":true,"href":"https:\/\/bohemiagoldlove.cz\/index.php\/wp-json\/wp\/v2\/users\/1"}],"replies":[{"embeddable":true,"href":"https:\/\/bohemiagoldlove.cz\/index.php\/wp-json\/wp\/v2\/comments?post=67"}],"version-history":[{"count":16,"href":"https:\/\/bohemiagoldlove.cz\/index.php\/wp-json\/wp\/v2\/pages\/67\/revisions"}],"predecessor-version":[{"id":423,"href":"https:\/\/bohemiagoldlove.cz\/index.php\/wp-json\/wp\/v2\/pages\/67\/revisions\/423"}],"wp:attachment":[{"href":"https:\/\/bohemiagoldlove.cz\/index.php\/wp-json\/wp\/v2\/media?parent=67"}],"curies":[{"name":"wp","href":"https:\/\/api.w.org\/{rel}","templated":true}]}}